{"id":2,"date":"2024-05-02T17:11:20","date_gmt":"2024-05-02T17:11:20","guid":{"rendered":"https:\/\/garagemdesaojose.pt\/new\/?page_id=2"},"modified":"2026-04-10T08:46:04","modified_gmt":"2026-04-10T08:46:04","slug":"sample-page","status":"publish","type":"page","link":"https:\/\/garagemdesaojose.pt\/en\/","title":{"rendered":"In\u00edcio"},"content":{"rendered":"<p>Between 1965 and 2006, this place was known as the S\u00e3o Jos\u00e9 Garage, on Lisbon Street. Do you remember going there to pump up your bike tires or going with dad to wash the car or fill up the tank? In '67, the A.C.Cymbron Group began selling its first motorcycles, featuring the famous Famel.<\/p>\n\n\n\n<p>In 2015, after a long break, we returned to the world of two-wheelers, introducing new brands and a strong focus on accessories and equipment. This was led by S\u00f3nia Borges de Sousa, the AC Cymbron administrator, who inspired her daughter, Carolina Brito Esteves, to revisit the old space. They renovated the facilities and the brand, while keeping it as a meeting point for two-wheel enthusias<\/p>\n\n\n\n<p>This was the last project envisioned with Vicente Borges de Sousa. Come have a beer at the bar!<\/p>","protected":false},"excerpt":{"rendered":"Entre 1965 e 2006 este espa\u00e7o era conhecido como a Garagem de S\u00e3o Jos\u00e9, na rua de Lisboa. Lembras-te de l\u00e1 ir encher os pneus da bicicleta ou de ir com o pai lavar o carro ou abastecer? Em \u201867 o Grupo A.C.Cymbron come\u00e7ou a comercializar as suas primeiras unidades de motociclos, com a famosa&#8230; <a class=\"view-article\" href=\"https:\/\/garagemdesaojose.pt\/en\/\">View Article<\/a>","protected":false},"author":1,"featured_media":0,"parent":0,"menu_order":0,"comment_status":"closed","ping_status":"open","template":"","meta":{"footnotes":""},"class_list":["post-2","page","type-page","status-publish","hentry"],"_links":{"self":[{"href":"https:\/\/garagemdesaojose.pt\/en\/wp-json\/wp\/v2\/pages\/2","targetHints":{"allow":["GET"]}}],"collection":[{"href":"https:\/\/garagemdesaojose.pt\/en\/wp-json\/wp\/v2\/pages"}],"about":[{"href":"https:\/\/garagemdesaojose.pt\/en\/wp-json\/wp\/v2\/types\/page"}],"author":[{"embeddable":true,"href":"https:\/\/garagemdesaojose.pt\/en\/wp-json\/wp\/v2\/users\/1"}],"replies":[{"embeddable":true,"href":"https:\/\/garagemdesaojose.pt\/en\/wp-json\/wp\/v2\/comments?post=2"}],"version-history":[{"count":2,"href":"https:\/\/garagemdesaojose.pt\/en\/wp-json\/wp\/v2\/pages\/2\/revisions"}],"predecessor-version":[{"id":14,"href":"https:\/\/garagemdesaojose.pt\/en\/wp-json\/wp\/v2\/pages\/2\/revisions\/14"}],"wp:attachment":[{"href":"https:\/\/garagemdesaojose.pt\/en\/wp-json\/wp\/v2\/media?parent=2"}],"curies":[{"name":"wp","href":"https:\/\/api.w.org\/{rel}","templated":true}]}}